{"id":14827,"date":"2025-11-06T14:37:50","date_gmt":"2025-11-06T14:37:50","guid":{"rendered":"https:\/\/chroniques.sorbonne-universite.fr\/?page_id=14827"},"modified":"2025-11-06T14:52:47","modified_gmt":"2025-11-06T14:52:47","slug":"les-places-offertes","status":"publish","type":"page","link":"https:\/\/chroniques.sorbonne-universite.fr\/?page_id=14827","title":{"rendered":"DISPOSITIF PLACES OFFERTES"},"content":{"rendered":"\n<p>Tous les mois, la Direction des affaires culturelles invite les \u00e9tudiants de Sorbonne Universit\u00e9 \u00e0 des spectacles vari\u00e9s (th\u00e9\u00e2tre, danse, cin\u00e9ma, musique, arts du cirque, etc). <\/p>\n\n\n\n<p>En retour de ces invitations, il leur est demand\u00e9 de donner leur avis au travers d\u2019un compte-rendu critique et engag\u00e9 sous un format libre. Article, vid\u00e9o, podcast, dessin, po\u00e8me, les \u00e9tudiants doivent laisser libre cours \u00e0 leur imagination ! <\/p>\n\n\n\n<p>Les chroniques seront publi\u00e9es sur ce site.<\/p>\n\n\n\n<figure class=\"wp-block-table\"><table><tbody><tr><td><strong>Contact :<\/strong> action.culturelle.flsu@gmail.com<strong> <\/strong><\/td><\/tr><\/tbody><\/table><\/figure>\n\n\n\n<h3 class=\"wp-block-heading\"><i class=\"fas fa-pencil-alt\"> <\/i><span><strong>La saison 2025-2026 est ouverte<\/strong> !<\/h3>\n\n\n\n<p><strong><a href=\"https:\/\/activites.sorbonne-universite.fr\/activites\/toutes-les-activites\/culture\/dispositif-de-places-offertes\" target=\"_blank\" rel=\"noreferrer noopener\">Inscrivez-vous !<\/a><\/strong><\/p>\n\n\n\n<p><\/p>\n","protected":false},"excerpt":{"rendered":"<p class=\"text-justify mb-2\" >Tous les mois, la Direction des affaires culturelles invite les \u00e9tudiants de Sorbonne Universit\u00e9 \u00e0 des spectacles vari\u00e9s (th\u00e9\u00e2tre, danse, cin\u00e9ma, musique, arts du cirque, etc). En retour de ces invitations, il leur est demand\u00e9 de donner leur avis au travers d\u2019un compte-rendu critique et [&hellip;]<\/p>\n","protected":false},"author":10,"featured_media":14917,"parent":0,"menu_order":0,"comment_status":"closed","ping_status":"closed","template":"","meta":{"footnotes":""},"class_list":["post-14827","page","type-page","status-publish","has-post-thumbnail","hentry"],"_links":{"self":[{"href":"https:\/\/chroniques.sorbonne-universite.fr\/index.php?rest_route=\/wp\/v2\/pages\/14827","targetHints":{"allow":["GET"]}}],"collection":[{"href":"https:\/\/chroniques.sorbonne-universite.fr\/index.php?rest_route=\/wp\/v2\/pages"}],"about":[{"href":"https:\/\/chroniques.sorbonne-universite.fr\/index.php?rest_route=\/wp\/v2\/types\/page"}],"author":[{"embeddable":true,"href":"https:\/\/chroniques.sorbonne-universite.fr\/index.php?rest_route=\/wp\/v2\/users\/10"}],"replies":[{"embeddable":true,"href":"https:\/\/chroniques.sorbonne-universite.fr\/index.php?rest_route=%2Fwp%2Fv2%2Fcomments&post=14827"}],"version-history":[{"count":5,"href":"https:\/\/chroniques.sorbonne-universite.fr\/index.php?rest_route=\/wp\/v2\/pages\/14827\/revisions"}],"predecessor-version":[{"id":14915,"href":"https:\/\/chroniques.sorbonne-universite.fr\/index.php?rest_route=\/wp\/v2\/pages\/14827\/revisions\/14915"}],"wp:featuredmedia":[{"embeddable":true,"href":"https:\/\/chroniques.sorbonne-universite.fr\/index.php?rest_route=\/wp\/v2\/media\/14917"}],"wp:attachment":[{"href":"https:\/\/chroniques.sorbonne-universite.fr\/index.php?rest_route=%2Fwp%2Fv2%2Fmedia&parent=14827"}],"curies":[{"name":"wp","href":"https:\/\/api.w.org\/{rel}","templated":true}]}}